{"id":93,"date":"2025-11-18T16:15:22","date_gmt":"2025-11-18T16:15:22","guid":{"rendered":"https:\/\/pmbarpentage.com\/home\/"},"modified":"2025-12-17T19:41:34","modified_gmt":"2025-12-17T19:41:34","slug":"accueil","status":"publish","type":"page","link":"https:\/\/pmbarpentage.com\/en\/","title":{"rendered":"Accueil"},"content":{"rendered":"<div data-elementor-type=\"wp-page\" data-elementor-id=\"93\" class=\"elementor elementor-93\">\n\t\t\t\t<div class=\"elementor-element elementor-element-3034535b e-con-full e-flex e-con e-parent\" data-id=\"3034535b\" data-element_type=\"container\" data-settings=\"{&quot;background_background&quot;:&quot;classic&quot;,&quot;shape_divider_bottom&quot;:&quot;opacity-tilt&quot;}\">\n\t\t\t\t<div class=\"elementor-shape elementor-shape-bottom\" aria-hidden=\"true\" data-negative=\"false\">\n\t\t\t<svg xmlns=\"http:\/\/www.w3.org\/2000\/svg\" viewbox=\"0 0 2600 131.1\" preserveaspectratio=\"none\">\n\t<path class=\"elementor-shape-fill\" d=\"M0 0L2600 0 2600 69.1 0 0z\"\/>\n\t<path class=\"elementor-shape-fill\" style=\"opacity:0.5\" d=\"M0 0L2600 0 2600 69.1 0 69.1z\"\/>\n\t<path class=\"elementor-shape-fill\" style=\"opacity:0.25\" d=\"M2600 0L0 0 0 130.1 2600 69.1z\"\/>\n<\/svg>\t\t<\/div>\n\t\t<div class=\"elementor-element elementor-element-c03ba7a e-con-full e-flex e-con e-child\" data-id=\"c03ba7a\" data-element_type=\"container\">\n\t\t<div class=\"elementor-element elementor-element-6a263b30 e-con-full e-flex e-con e-child\" data-id=\"6a263b30\" data-element_type=\"container\">\n\t\t\t\t<div class=\"elementor-element elementor-element-39b4cc8f elementor-widget-tablet__width-initial elementor-widget elementor-widget-heading\" data-id=\"39b4cc8f\" data-element_type=\"widget\" data-widget_type=\"heading.default\">\n\t\t\t\t\t<h2 class=\"elementor-heading-title elementor-size-default\">PMB Arpentage<\/h2>\t\t\t\t<\/div>\n\t\t\t\t<div class=\"elementor-element elementor-element-2ef045f7 elementor-widget elementor-widget-heading\" data-id=\"2ef045f7\" data-element_type=\"widget\" data-widget_type=\"heading.default\">\n\t\t\t\t\t<h5 class=\"elementor-heading-title elementor-size-default\">Precision, rigor and reliability<\/h5>\t\t\t\t<\/div>\n\t\t\t\t<div class=\"elementor-element elementor-element-6cca1cbf elementor-widget-tablet__width-initial elementor-widget elementor-widget-text-editor\" data-id=\"6cca1cbf\" data-element_type=\"widget\" data-widget_type=\"text-editor.default\">\n\t\t\t\t\t\t\t\t\t<p>Arpentage de construction professionnel. Contruire l&rsquo;avenir, un point \u00e0 la fois.<\/p>\t\t\t\t\t\t\t\t<\/div>\n\t\t<div class=\"elementor-element elementor-element-dbd884e e-con-full e-flex e-con e-child\" data-id=\"dbd884e\" data-element_type=\"container\">\n\t\t\t\t<div class=\"elementor-element elementor-element-b645bb0 elementor-invisible elementor-widget elementor-widget-button\" data-id=\"b645bb0\" data-element_type=\"widget\" data-settings=\"{&quot;_animation&quot;:&quot;fadeInDown&quot;}\" data-widget_type=\"button.default\">\n\t\t\t\t\t\t\t\t\t\t<a class=\"elementor-button elementor-button-link elementor-size-sm\" href=\"https:\/\/pmbarpentage.com\/en\/contact\/\">\n\t\t\t\t\t\t<span class=\"elementor-button-content-wrapper\">\n\t\t\t\t\t\t\t\t\t<span class=\"elementor-button-text\">Request an offer<\/span>\n\t\t\t\t\t<\/span>\n\t\t\t\t\t<\/a>\n\t\t\t\t\t\t\t\t<\/div>\n\t\t\t\t<div class=\"elementor-element elementor-element-5b473ebf elementor-invisible elementor-widget elementor-widget-button\" data-id=\"5b473ebf\" data-element_type=\"widget\" data-settings=\"{&quot;_animation&quot;:&quot;fadeInDown&quot;}\" data-widget_type=\"button.default\">\n\t\t\t\t\t\t\t\t\t\t<a class=\"elementor-button elementor-button-link elementor-size-sm\" href=\"https:\/\/pmbarpentage.com\/en\/contact\/\">\n\t\t\t\t\t\t<span class=\"elementor-button-content-wrapper\">\n\t\t\t\t\t\t\t\t\t<span class=\"elementor-button-text\">Apply<\/span>\n\t\t\t\t\t<\/span>\n\t\t\t\t\t<\/a>\n\t\t\t\t\t\t\t\t<\/div>\n\t\t\t\t<\/div>\n\t\t\t\t<\/div>\n\t\t<div class=\"elementor-element elementor-element-5b47e6ab e-con-full e-flex elementor-invisible e-con e-child\" data-id=\"5b47e6ab\" data-element_type=\"container\" data-settings=\"{&quot;animation&quot;:&quot;fadeInRight&quot;}\">\n\t\t\t\t<div class=\"elementor-element elementor-element-3f9683f3 elementor-hidden-mobile elementor-widget elementor-widget-image\" data-id=\"3f9683f3\" data-element_type=\"widget\" data-widget_type=\"image.default\">\n\t\t\t\t\t\t\t\t\t\t\t\t\t\t\t<img fetchpriority=\"high\" decoding=\"async\" width=\"1536\" height=\"2048\" src=\"https:\/\/pmbarpentage.com\/wp-content\/uploads\/2025\/12\/582486393_3135369990001589_8789311718375482156_n.jpg\" class=\"attachment-full size-full wp-image-464\" alt=\"\" srcset=\"https:\/\/pmbarpentage.com\/wp-content\/uploads\/2025\/12\/582486393_3135369990001589_8789311718375482156_n.jpg 1536w, https:\/\/pmbarpentage.com\/wp-content\/uploads\/2025\/12\/582486393_3135369990001589_8789311718375482156_n-225x300.jpg 225w, https:\/\/pmbarpentage.com\/wp-content\/uploads\/2025\/12\/582486393_3135369990001589_8789311718375482156_n-768x1024.jpg 768w, https:\/\/pmbarpentage.com\/wp-content\/uploads\/2025\/12\/582486393_3135369990001589_8789311718375482156_n-1152x1536.jpg 1152w, https:\/\/pmbarpentage.com\/wp-content\/uploads\/2025\/12\/582486393_3135369990001589_8789311718375482156_n-9x12.jpg 9w\" sizes=\"(max-width: 1536px) 100vw, 1536px\" \/>\t\t\t\t\t\t\t\t\t\t\t\t\t\t\t<\/div>\n\t\t\t\t<\/div>\n\t\t\t\t<\/div>\n\t\t\t\t<\/div>\n\t\t<div class=\"elementor-element elementor-element-5248314 animated-fast e-flex e-con-boxed e-con e-parent\" data-id=\"5248314\" data-element_type=\"container\" data-settings=\"{&quot;animation&quot;:&quot;none&quot;}\">\n\t\t\t\t\t<div class=\"e-con-inner\">\n\t\t\t\t<div class=\"elementor-element elementor-element-b1fd4f3 elementor-widget elementor-widget-heading\" data-id=\"b1fd4f3\" data-element_type=\"widget\" data-widget_type=\"heading.default\">\n\t\t\t\t\t<h2 class=\"elementor-heading-title elementor-size-default\">Our specialty<\/h2>\t\t\t\t<\/div>\n\t\t<div class=\"elementor-element elementor-element-8d7f52d e-con-full e-grid e-con e-child\" data-id=\"8d7f52d\" data-element_type=\"container\">\n\t\t<div class=\"elementor-element elementor-element-290ca77 e-con-full e-flex elementor-invisible e-con e-child\" data-id=\"290ca77\" data-element_type=\"container\" data-settings=\"{&quot;animation&quot;:&quot;fadeIn&quot;,&quot;animation_delay&quot;:100}\">\n\t\t\t\t<div class=\"elementor-element elementor-element-3603872 elementor-widget elementor-widget-heading\" data-id=\"3603872\" data-element_type=\"widget\" data-widget_type=\"heading.default\">\n\t\t\t\t\t<h3 class=\"elementor-heading-title elementor-size-default\">Civil engineering<\/h3>\t\t\t\t<\/div>\n\t\t\t\t<div class=\"elementor-element elementor-element-b151f35 elementor-widget elementor-widget-text-editor\" data-id=\"b151f35\" data-element_type=\"widget\" data-widget_type=\"text-editor.default\">\n\t\t\t\t\t\t\t\t\t<p>Travaux d\u2019arpentage qui d\u00e9signe l\u2019ensemble des travaux li\u00e9s \u00e0 la conception, la construction et le contr\u00f4le des infrastructures (routes, b\u00e2timents, ponts,<br \/>r\u00e9seaux souterrains, ouvrages d\u2019art, etc.) pour lesquels l\u2019arpenteur fournit des<br \/>mesures, implantations et v\u00e9rifications essentielles.<\/p>\t\t\t\t\t\t\t\t<\/div>\n\t\t\t\t<\/div>\n\t\t<div class=\"elementor-element elementor-element-f0544ae e-con-full e-flex elementor-invisible e-con e-child\" data-id=\"f0544ae\" data-element_type=\"container\" data-settings=\"{&quot;animation&quot;:&quot;fadeIn&quot;,&quot;animation_delay&quot;:200}\">\n\t\t\t\t<div class=\"elementor-element elementor-element-2decb2d elementor-widget elementor-widget-heading\" data-id=\"2decb2d\" data-element_type=\"widget\" data-widget_type=\"heading.default\">\n\t\t\t\t\t<h3 class=\"elementor-heading-title elementor-size-default\">Industrial &amp; Mining<\/h3>\t\t\t\t<\/div>\n\t\t\t\t<div class=\"elementor-element elementor-element-fedeee4 elementor-widget elementor-widget-text-editor\" data-id=\"fedeee4\" data-element_type=\"widget\" data-widget_type=\"text-editor.default\">\n\t\t\t\t\t\t\t\t\t<p><strong>Arpentage industriel<\/strong><br \/>Travaux d\u2019arpentage de haute pr\u00e9cision dans les usines et installations<br \/>m\u00e9caniques pour aligner, positionner et v\u00e9rifier des \u00e9quipements ou structures<br \/>selon des tol\u00e9rances tr\u00e8s strictes.<\/p><p><strong>Arpentage minier<\/strong><br \/>Travaux d\u2019arpentage r\u00e9alis\u00e9s dans les mines souterraines ou \u00e0 ciel ouvert pour<br \/>guider l\u2019excavation, mesurer les volumes et assurer la s\u00e9curit\u00e9 et la conformit\u00e9<br \/>de op\u00e9rations.<\/p>\t\t\t\t\t\t\t\t<\/div>\n\t\t\t\t<\/div>\n\t\t<div class=\"elementor-element elementor-element-243b75e e-con-full e-flex elementor-invisible e-con e-child\" data-id=\"243b75e\" data-element_type=\"container\" data-settings=\"{&quot;animation&quot;:&quot;fadeIn&quot;,&quot;animation_delay&quot;:300}\">\n\t\t\t\t<div class=\"elementor-element elementor-element-b02814d elementor-widget elementor-widget-heading\" data-id=\"b02814d\" data-element_type=\"widget\" data-widget_type=\"heading.default\">\n\t\t\t\t\t<h3 class=\"elementor-heading-title elementor-size-default\">Buildings &amp; structures<\/h3>\t\t\t\t<\/div>\n\t\t\t\t<div class=\"elementor-element elementor-element-fc108cd elementor-widget elementor-widget-text-editor\" data-id=\"fc108cd\" data-element_type=\"widget\" data-widget_type=\"text-editor.default\">\n\t\t\t\t\t\t\t\t\t<p><strong>B\u00e2timent<\/strong><br \/>Arpentage pour implanter et v\u00e9rifier les \u00e9l\u00e9ments d\u2019un b\u00e2timent (murs,<br \/>colonnes, niveaux, dalles).<\/p><p><strong>Structure<\/strong><br \/>Arpentage pour positionner et contr\u00f4ler les \u00e9l\u00e9ments structuraux (acier, b\u00e9ton,<br \/>ponts, charpentes).<\/p>\t\t\t\t\t\t\t\t<\/div>\n\t\t\t\t<\/div>\n\t\t\t\t<\/div>\n\t\t<div class=\"elementor-element elementor-element-cb5ff26 e-con-full e-grid e-con e-child\" data-id=\"cb5ff26\" data-element_type=\"container\">\n\t\t<div class=\"elementor-element elementor-element-ceec30c e-con-full e-flex elementor-invisible e-con e-child\" data-id=\"ceec30c\" data-element_type=\"container\" data-settings=\"{&quot;background_background&quot;:&quot;classic&quot;,&quot;animation&quot;:&quot;fadeIn&quot;,&quot;animation_delay&quot;:100}\">\n\t\t\t\t<div class=\"elementor-element elementor-element-a65622a elementor-widget elementor-widget-heading\" data-id=\"a65622a\" data-element_type=\"widget\" data-widget_type=\"heading.default\">\n\t\t\t\t\t<h3 class=\"elementor-heading-title elementor-size-default\">+ de 15 ans<\/h3>\t\t\t\t<\/div>\n\t\t\t\t<div class=\"elementor-element elementor-element-916aa3f elementor-widget elementor-widget-text-editor\" data-id=\"916aa3f\" data-element_type=\"widget\" data-widget_type=\"text-editor.default\">\n\t\t\t\t\t\t\t\t\t<p>d\u2019exp\u00e9rience dans nos d\u00e9verses sp\u00e9cialit\u00e9s<\/p>\t\t\t\t\t\t\t\t<\/div>\n\t\t\t\t<\/div>\n\t\t<div class=\"elementor-element elementor-element-1085724 e-con-full e-flex elementor-invisible e-con e-child\" data-id=\"1085724\" data-element_type=\"container\" data-settings=\"{&quot;background_background&quot;:&quot;classic&quot;,&quot;animation&quot;:&quot;fadeIn&quot;,&quot;animation_delay&quot;:200}\">\n\t\t\t\t<div class=\"elementor-element elementor-element-4647418 elementor-widget elementor-widget-heading\" data-id=\"4647418\" data-element_type=\"widget\" data-widget_type=\"heading.default\">\n\t\t\t\t\t<h3 class=\"elementor-heading-title elementor-size-default\">Canada<\/h3>\t\t\t\t<\/div>\n\t\t\t\t<div class=\"elementor-element elementor-element-3789a4c elementor-widget elementor-widget-text-editor\" data-id=\"3789a4c\" data-element_type=\"widget\" data-widget_type=\"text-editor.default\">\n\t\t\t\t\t\t\t\t\t<p>\u00e0 travers le Canada et les chantiers \u00e9loign\u00e9es<\/p>\t\t\t\t\t\t\t\t<\/div>\n\t\t\t\t<\/div>\n\t\t<div class=\"elementor-element elementor-element-5e2fec5 e-con-full e-flex elementor-invisible e-con e-child\" data-id=\"5e2fec5\" data-element_type=\"container\" data-settings=\"{&quot;background_background&quot;:&quot;classic&quot;,&quot;animation&quot;:&quot;fadeIn&quot;,&quot;animation_delay&quot;:300}\">\n\t\t\t\t<div class=\"elementor-element elementor-element-79e3da2 elementor-widget elementor-widget-heading\" data-id=\"79e3da2\" data-element_type=\"widget\" data-widget_type=\"heading.default\">\n\t\t\t\t\t<h3 class=\"elementor-heading-title elementor-size-default\">Calculs de construction<\/h3>\t\t\t\t<\/div>\n\t\t\t\t<div class=\"elementor-element elementor-element-62c7a88 elementor-widget elementor-widget-text-editor\" data-id=\"62c7a88\" data-element_type=\"widget\" data-widget_type=\"text-editor.default\">\n\t\t\t\t\t\t\t\t\t<p>Tel que construit, volum\u00e9trie, rapport, etc.<\/p>\t\t\t\t\t\t\t\t<\/div>\n\t\t\t\t<\/div>\n\t\t\t\t<\/div>\n\t\t\t\t\t<\/div>\n\t\t\t\t<\/div>\n\t\t<div class=\"elementor-element elementor-element-2f9b5e0 elementor-hidden-desktop elementor-hidden-tablet elementor-hidden-mobile e-flex e-con-boxed e-con e-parent\" data-id=\"2f9b5e0\" data-element_type=\"container\">\n\t\t\t\t\t<div class=\"e-con-inner\">\n\t\t<div class=\"elementor-element elementor-element-ab6eabd e-con-full e-flex e-con e-child\" data-id=\"ab6eabd\" data-element_type=\"container\" data-settings=\"{&quot;background_background&quot;:&quot;classic&quot;}\">\n\t\t\t\t<div class=\"elementor-element elementor-element-640b657 elementor-widget elementor-widget-heading\" data-id=\"640b657\" data-element_type=\"widget\" data-widget_type=\"heading.default\">\n\t\t\t\t\t<h2 class=\"elementor-heading-title elementor-size-default\">Avez-vous des questions?<\/h2>\t\t\t\t<\/div>\n\t\t\t\t<\/div>\n\t\t<div class=\"elementor-element elementor-element-d606d23 e-con-full e-flex e-con e-child\" data-id=\"d606d23\" data-element_type=\"container\">\n\t\t<div class=\"elementor-element elementor-element-2949133 e-con-full e-flex e-con e-child\" data-id=\"2949133\" data-element_type=\"container\" data-settings=\"{&quot;background_background&quot;:&quot;classic&quot;}\">\n\t\t<div class=\"elementor-element elementor-element-9e1070c e-con-full e-flex e-con e-child\" data-id=\"9e1070c\" data-element_type=\"container\">\n\t\t\t\t<div class=\"elementor-element elementor-element-a2fd699 elementor-widget elementor-widget-heading\" data-id=\"a2fd699\" data-element_type=\"widget\" data-widget_type=\"heading.default\">\n\t\t\t\t\t<h3 class=\"elementor-heading-title elementor-size-default\">Contacter nous<\/h3>\t\t\t\t<\/div>\n\t\t\t\t<\/div>\n\t\t<div class=\"elementor-element elementor-element-68963c7 e-con-full e-flex e-con e-child\" data-id=\"68963c7\" data-element_type=\"container\">\n\t\t\t\t<div class=\"elementor-element elementor-element-5617153 elementor-widget elementor-widget-text-editor\" data-id=\"5617153\" data-element_type=\"widget\" data-widget_type=\"text-editor.default\">\n\t\t\t\t\t\t\t\t\t<p><b>\u2709 Email<\/b> &#8211; info@pmbarpentage.com<\/p>\t\t\t\t\t\t\t\t<\/div>\n\t\t\t\t<\/div>\n\t\t<div class=\"elementor-element elementor-element-a06d513 e-con-full e-flex e-con e-child\" data-id=\"a06d513\" data-element_type=\"container\">\n\t\t\t\t<div class=\"elementor-element elementor-element-000413e elementor-widget elementor-widget-text-editor\" data-id=\"000413e\" data-element_type=\"widget\" data-widget_type=\"text-editor.default\">\n\t\t\t\t\t\t\t\t\t<p><b>\ud83d\udcde T\u00e9l\u00e9phone<\/b> &#8211; 418\u2011324\u20113727<\/p>\t\t\t\t\t\t\t\t<\/div>\n\t\t\t\t<\/div>\n\t\t\t\t<\/div>\n\t\t\t\t<div class=\"elementor-element elementor-element-b39ea22 elementor-widget__width-initial elementor-widget elementor-widget-image\" data-id=\"b39ea22\" data-element_type=\"widget\" data-widget_type=\"image.default\">\n\t\t\t\t\t\t\t\t\t\t\t\t\t\t\t<img decoding=\"async\" width=\"300\" height=\"300\" src=\"https:\/\/pmbarpentage.com\/wp-content\/uploads\/2025\/11\/63702558_9557064-300x300.jpg\" class=\"attachment-medium size-medium wp-image-243\" alt=\"\" srcset=\"https:\/\/pmbarpentage.com\/wp-content\/uploads\/2025\/11\/63702558_9557064-300x300.jpg 300w, https:\/\/pmbarpentage.com\/wp-content\/uploads\/2025\/11\/63702558_9557064-1024x1024.jpg 1024w, https:\/\/pmbarpentage.com\/wp-content\/uploads\/2025\/11\/63702558_9557064-150x150.jpg 150w, https:\/\/pmbarpentage.com\/wp-content\/uploads\/2025\/11\/63702558_9557064-768x768.jpg 768w, https:\/\/pmbarpentage.com\/wp-content\/uploads\/2025\/11\/63702558_9557064-1536x1536.jpg 1536w, https:\/\/pmbarpentage.com\/wp-content\/uploads\/2025\/11\/63702558_9557064.jpg 2000w\" sizes=\"(max-width: 300px) 100vw, 300px\" \/>\t\t\t\t\t\t\t\t\t\t\t\t\t\t\t<\/div>\n\t\t\t\t<\/div>\n\t\t\t\t\t<\/div>\n\t\t\t\t<\/div>\n\t\t\t\t<\/div>","protected":false},"excerpt":{"rendered":"<p>PMB Arpentage Pr\u00e9cision, rigueur et fiabilit\u00e9 Arpentage de construction professionnel. Contruire l&rsquo;avenir, un point \u00e0 la fois. Demander une offre [&hellip;]<\/p>","protected":false},"author":1,"featured_media":0,"parent":0,"menu_order":0,"comment_status":"closed","ping_status":"closed","template":"","meta":{"site-sidebar-layout":"default","site-content-layout":"","ast-site-content-layout":"default","site-content-style":"default","site-sidebar-style":"default","ast-global-header-display":"","ast-banner-title-visibility":"","ast-main-header-display":"","ast-hfb-above-header-display":"","ast-hfb-below-header-display":"","ast-hfb-mobile-header-display":"","site-post-title":"disabled","ast-breadcrumbs-content":"","ast-featured-img":"","footer-sml-layout":"","theme-transparent-header-meta":"","adv-header-id-meta":"","stick-header-meta":"","header-above-stick-meta":"","header-main-stick-meta":"","header-below-stick-meta":"","astra-migrate-meta-layouts":"default","ast-page-background-enabled":"default","ast-page-background-meta":{"desktop":{"background-color":"var(--ast-global-color-5)","background-image":"","background-repeat":"repeat","background-position":"center center","background-size":"auto","background-attachment":"scroll","background-type":"","background-media":"","overlay-type":"","overlay-color":"","overlay-opacity":"","overlay-gradient":""},"tablet":{"background-color":"","background-image":"","background-repeat":"repeat","background-position":"center center","background-size":"auto","background-attachment":"scroll","background-type":"","background-media":"","overlay-type":"","overlay-color":"","overlay-opacity":"","overlay-gradient":""},"mobile":{"background-color":"","background-image":"","background-repeat":"repeat","background-position":"center center","background-size":"auto","background-attachment":"scroll","background-type":"","background-media":"","overlay-type":"","overlay-color":"","overlay-opacity":"","overlay-gradient":""}},"ast-content-background-meta":{"desktop":{"background-color":"var(--ast-global-color-4)","background-image":"","background-repeat":"repeat","background-position":"center center","background-size":"auto","background-attachment":"scroll","background-type":"","background-media":"","overlay-type":"","overlay-color":"","overlay-opacity":"","overlay-gradient":""},"tablet":{"background-color":"var(--ast-global-color-4)","background-image":"","background-repeat":"repeat","background-position":"center center","background-size":"auto","background-attachment":"scroll","background-type":"","background-media":"","overlay-type":"","overlay-color":"","overlay-opacity":"","overlay-gradient":""},"mobile":{"background-color":"var(--ast-global-color-4)","background-image":"","background-repeat":"repeat","background-position":"center center","background-size":"auto","background-attachment":"scroll","background-type":"","background-media":"","overlay-type":"","overlay-color":"","overlay-opacity":"","overlay-gradient":""}},"footnotes":""},"class_list":["post-93","page","type-page","status-publish","hentry"],"_links":{"self":[{"href":"https:\/\/pmbarpentage.com\/en\/wp-json\/wp\/v2\/pages\/93","targetHints":{"allow":["GET"]}}],"collection":[{"href":"https:\/\/pmbarpentage.com\/en\/wp-json\/wp\/v2\/pages"}],"about":[{"href":"https:\/\/pmbarpentage.com\/en\/wp-json\/wp\/v2\/types\/page"}],"author":[{"embeddable":true,"href":"https:\/\/pmbarpentage.com\/en\/wp-json\/wp\/v2\/users\/1"}],"replies":[{"embeddable":true,"href":"https:\/\/pmbarpentage.com\/en\/wp-json\/wp\/v2\/comments?post=93"}],"version-history":[{"count":104,"href":"https:\/\/pmbarpentage.com\/en\/wp-json\/wp\/v2\/pages\/93\/revisions"}],"predecessor-version":[{"id":536,"href":"https:\/\/pmbarpentage.com\/en\/wp-json\/wp\/v2\/pages\/93\/revisions\/536"}],"wp:attachment":[{"href":"https:\/\/pmbarpentage.com\/en\/wp-json\/wp\/v2\/media?parent=93"}],"curies":[{"name":"wp","href":"https:\/\/api.w.org\/{rel}","templated":true}]}}